{"id":1582,"date":"2014-06-09T17:09:43","date_gmt":"2014-06-09T17:09:43","guid":{"rendered":"http:\/\/tempsobert.pfdorado.com\/wp\/?page_id=1582"},"modified":"2014-06-17T11:56:42","modified_gmt":"2014-06-17T11:56:42","slug":"temps-ouvert","status":"publish","type":"page","link":"https:\/\/tempsobert.pfdorado.com\/wp\/temps-ouvert\/","title":{"rendered":"Temps ouvert"},"content":{"rendered":"<p><b>Comment \u00e7a marche ?<\/b><\/p>\n<p>Chaque semaine, chacun des neuf \u00e9crivains publie un fragment de son histoire, d&#8217;environ 350 \u00e0 400 mots, dans sa langue maternelle ( su\u00e9dois, allemand, cr\u00e9ole, basque, catalan, galicien, castillan, anglais et, fran\u00e7ais). De plus, en d\u00e9but de semaine, l&#8217;un des \u00e9crivains m\u00e8ne la marche en publiant son fragment avant les autres, leur procurant ainsi une source d&#8217;inspiration.<\/p>\n<p>Si vous d\u00e9sirez apporter votre contribution au projet, vous pouvez publier votre propre fragment de 350 \u00e0 400 mots en tant que commentaire d&#8217;un post dans votre langue.<\/p>\n<p><strong>Paternit\u00e9 de &#8220;Temps Ouvert&#8221;<\/strong><\/p>\n<p>&#8220;Temps Ouvert&#8221; est le r\u00e9cit fran\u00e7ais du projet Temps Obert 11.1. L&#8217;auteur, Tristan Kerdraon, est un \u00e9tudiant en litt\u00e9rature et civilisation anglaise et am\u00e9ricaine. Int\u00e9ress\u00e9 tant par diverses formes d&#8217;expression artistique que par l&#8217;apprentissage de divers langages, le projet repr\u00e9sente pour lui une occasion de s&#8217;astreindre \u00e0 une \u00e9criture r\u00e9guli\u00e8re ainsi qu&#8217;une chance de contribuer \u00e0 une r\u00e9alisation collective.<br \/>\nAfin d&#8217;acc\u00e9der \u00e0 la partie fran\u00e7aise du projet, cliquez <a href=\"http:\/\/tempsobert.pfdorado.com\/wp\/blog\/category\/francais\/\">ici<\/a>.<\/p>\n","protected":false},"excerpt":{"rendered":"<p>Comment \u00e7a marche ? Chaque semaine, chacun des neuf \u00e9crivains publie un fragment de son histoire, d&#8217;environ 350 \u00e0 400 mots, dans sa langue maternelle ( su\u00e9dois, allemand, cr\u00e9ole, basque, catalan, galicien, castillan, anglais et, fran\u00e7ais). De plus, en d\u00e9but de semaine, l&#8217;un des \u00e9crivains m\u00e8ne la marche en publiant son fragment avant les autres, leur procurant ainsi une source d&#8217;inspiration. Si vous d\u00e9sirez apporter votre contribution au projet, vous pouvez publier votre propre fragment de 350 \u00e0 400 mots en tant que commentaire d&#8217;un post dans votre langue. Paternit\u00e9 de &#8220;Temps Ouvert&#8221; &#8220;Temps Ouvert&#8221; est le r\u00e9cit fran\u00e7ais du projet Temps Obert 11.1. L&#8217;auteur, Tristan Kerdraon, est un \u00e9tudiant en litt\u00e9rature et civilisation anglaise et am\u00e9ricaine. Int\u00e9ress\u00e9 tant par diverses formes d&#8217;expression artistique que par l&#8217;apprentissage de divers langages, le projet repr\u00e9sente pour lui une occasion de s&#8217;astreindre \u00e0 une \u00e9criture r\u00e9guli\u00e8re ainsi qu&#8217;une chance de contribuer \u00e0 une r\u00e9alisation collective. Afin d&#8217;acc\u00e9der \u00e0 la partie fran\u00e7aise du projet, cliquez ici. <a class=\"continue-reading-link\" href=\"https:\/\/tempsobert.pfdorado.com\/wp\/temps-ouvert\/\"> Continue reading<\/a><\/p>\n","protected":false},"author":1,"featured_media":0,"parent":0,"menu_order":7,"comment_status":"open","ping_status":"closed","template":"","meta":{"footnotes":""},"class_list":["post-1582","page","type-page","status-publish","hentry"],"_links":{"self":[{"href":"https:\/\/tempsobert.pfdorado.com\/wp\/wp-json\/wp\/v2\/pages\/1582","targetHints":{"allow":["GET"]}}],"collection":[{"href":"https:\/\/tempsobert.pfdorado.com\/wp\/wp-json\/wp\/v2\/pages"}],"about":[{"href":"https:\/\/tempsobert.pfdorado.com\/wp\/wp-json\/wp\/v2\/types\/page"}],"author":[{"embeddable":true,"href":"https:\/\/tempsobert.pfdorado.com\/wp\/wp-json\/wp\/v2\/users\/1"}],"replies":[{"embeddable":true,"href":"https:\/\/tempsobert.pfdorado.com\/wp\/wp-json\/wp\/v2\/comments?post=1582"}],"version-history":[{"count":4,"href":"https:\/\/tempsobert.pfdorado.com\/wp\/wp-json\/wp\/v2\/pages\/1582\/revisions"}],"predecessor-version":[{"id":1627,"href":"https:\/\/tempsobert.pfdorado.com\/wp\/wp-json\/wp\/v2\/pages\/1582\/revisions\/1627"}],"wp:attachment":[{"href":"https:\/\/tempsobert.pfdorado.com\/wp\/wp-json\/wp\/v2\/media?parent=1582"}],"curies":[{"name":"wp","href":"https:\/\/api.w.org\/{rel}","templated":true}]}}