{"id":1194,"date":"2014-04-22T22:47:03","date_gmt":"2014-04-22T22:47:03","guid":{"rendered":"http:\/\/tempsobert.pfdorado.com\/wp\/?page_id=1194"},"modified":"2014-06-09T17:21:59","modified_gmt":"2014-06-09T17:21:59","slug":"offene-zeit","status":"publish","type":"page","link":"https:\/\/tempsobert.pfdorado.com\/wp\/offene-zeit\/","title":{"rendered":"Offene Zeit"},"content":{"rendered":"<p>Um auf den Deutschen Teil des Projekts zuzugreifen, folgen Sie diesem <a href=\"http:\/\/tempsobert.pfdorado.com\/wp\/blog\/category\/german\/\">link<\/a>.<\/p>\n<p><strong>Wie funktioniert es?<\/strong><\/p>\n<p>F\u00fcnf Autoren ver\u00f6ffentlichen w\u00f6chentlich ein 350\u00ad-400 W\u00f6rter umfassendes Fragment ihrer Geschichte. Diese wird in ihrer Muttersprache geschrieben; Katalanisch, Englisch, Schwedisch, Galicisch, Spanisch, Deutsch und Franz\u00f6sisch. Jede Woche macht einer der Autoren den Anfang, schreibt als erster und inspiriert damit die \u00fcbrigen vier .<\/p>\n<p>Sie k\u00f6nnen beim Projekt mitwirken, indem Sie Ihr eigenes 350\u00ad400 W\u00f6rter umfassendes Fragment in der Kommentar\u00adBox in eigener Muttersprache eintragen.<\/p>\n<p><strong>Urheberschaft von &#8220;Offene Zeit&#8221;<\/strong><\/p>\n<p>&#8220;Offene Zeit&#8221; ist die Erz\u00e4hlung von Temps Obert 11.1, urspr\u00fcnglich in Deutsch geschrieben. Seine Autorin, Jessica Jones, schlie\u00dft ihren Master in Digital Humanities am University College in Cork ab. Sie lehrt Fotografie und interessiert sich f\u00fcr <a href=\"http:\/\/wordswordswordswordswordswords.wordpress.com\/\">Kooperationsaktivit\u00e4ten<\/a> sowohl von textueller als auch visueller Form.<\/p>\n","protected":false},"excerpt":{"rendered":"<p>Um auf den Deutschen Teil des Projekts zuzugreifen, folgen Sie diesem link. Wie funktioniert es? F\u00fcnf Autoren ver\u00f6ffentlichen w\u00f6chentlich ein 350\u00ad-400 W\u00f6rter umfassendes Fragment ihrer Geschichte. Diese wird in ihrer Muttersprache geschrieben; Katalanisch, Englisch, Schwedisch, Galicisch, Spanisch, Deutsch und Franz\u00f6sisch. Jede Woche macht einer der Autoren den Anfang, schreibt als erster und inspiriert damit die \u00fcbrigen vier . Sie k\u00f6nnen beim Projekt mitwirken, indem Sie Ihr eigenes 350\u00ad400 W\u00f6rter umfassendes Fragment in der Kommentar\u00adBox in eigener Muttersprache eintragen. Urheberschaft von &#8220;Offene Zeit&#8221; &#8220;Offene Zeit&#8221; ist die Erz\u00e4hlung von Temps Obert 11.1, urspr\u00fcnglich in Deutsch geschrieben. Seine Autorin, Jessica Jones, schlie\u00dft ihren Master in Digital Humanities am University College in Cork ab. Sie lehrt Fotografie und interessiert sich f\u00fcr Kooperationsaktivit\u00e4ten sowohl von textueller als auch visueller Form. <a class=\"continue-reading-link\" href=\"https:\/\/tempsobert.pfdorado.com\/wp\/offene-zeit\/\"> Continue reading<\/a><\/p>\n","protected":false},"author":1,"featured_media":0,"parent":0,"menu_order":1,"comment_status":"open","ping_status":"open","template":"","meta":{"footnotes":""},"class_list":["post-1194","page","type-page","status-publish","hentry"],"_links":{"self":[{"href":"https:\/\/tempsobert.pfdorado.com\/wp\/wp-json\/wp\/v2\/pages\/1194","targetHints":{"allow":["GET"]}}],"collection":[{"href":"https:\/\/tempsobert.pfdorado.com\/wp\/wp-json\/wp\/v2\/pages"}],"about":[{"href":"https:\/\/tempsobert.pfdorado.com\/wp\/wp-json\/wp\/v2\/types\/page"}],"author":[{"embeddable":true,"href":"https:\/\/tempsobert.pfdorado.com\/wp\/wp-json\/wp\/v2\/users\/1"}],"replies":[{"embeddable":true,"href":"https:\/\/tempsobert.pfdorado.com\/wp\/wp-json\/wp\/v2\/comments?post=1194"}],"version-history":[{"count":6,"href":"https:\/\/tempsobert.pfdorado.com\/wp\/wp-json\/wp\/v2\/pages\/1194\/revisions"}],"predecessor-version":[{"id":1586,"href":"https:\/\/tempsobert.pfdorado.com\/wp\/wp-json\/wp\/v2\/pages\/1194\/revisions\/1586"}],"wp:attachment":[{"href":"https:\/\/tempsobert.pfdorado.com\/wp\/wp-json\/wp\/v2\/media?parent=1194"}],"curies":[{"name":"wp","href":"https:\/\/api.w.org\/{rel}","templated":true}]}}